{"id":23597,"date":"2023-05-01T21:36:20","date_gmt":"2023-05-01T21:36:20","guid":{"rendered":"https:\/\/www.axeunion.com\/warum-makler-axe-waehlen\/"},"modified":"2023-10-25T09:55:46","modified_gmt":"2023-10-25T09:55:46","slug":"warum-makler-axe-waehlen","status":"publish","type":"page","link":"https:\/\/www.axeunion.com\/fa\/warum-makler-axe-waehlen\/","title":{"rendered":"Warum Makler Axe w\u00e4hlen"},"content":{"rendered":"\t\t<div data-elementor-type=\"wp-page\" data-elementor-id=\"23597\" class=\"elementor elementor-23597 elementor-18526\" data-elementor-settings=\"{&quot;element_pack_global_tooltip_width&quot;:{&quot;unit&quot;:&quot;px&quot;,&quot;size&quot;:&quot;&quot;,&quot;sizes&quot;:[]},&quot;element_pack_global_tooltip_width_tablet&quot;:{&quot;unit&quot;:&quot;px&quot;,&quot;size&quot;:&quot;&quot;,&quot;sizes&quot;:[]},&quot;element_pack_global_tooltip_width_mobile&quot;:{&quot;unit&quot;:&quot;px&quot;,&quot;size&quot;:&quot;&quot;,&quot;sizes&quot;:[]},&quot;element_pack_global_tooltip_padding&quot;:{&quot;unit&quot;:&quot;px&quot;,&quot;top&quot;:&quot;&quot;,&quot;right&quot;:&quot;&quot;,&quot;bottom&quot;:&quot;&quot;,&quot;left&quot;:&quot;&quot;,&quot;isLinked&quot;:true},&quot;element_pack_global_tooltip_padding_tablet&quot;:{&quot;unit&quot;:&quot;px&quot;,&quot;top&quot;:&quot;&quot;,&quot;right&quot;:&quot;&quot;,&quot;bottom&quot;:&quot;&quot;,&quot;left&quot;:&quot;&quot;,&quot;isLinked&quot;:true},&quot;element_pack_global_tooltip_padding_mobile&quot;:{&quot;unit&quot;:&quot;px&quot;,&quot;top&quot;:&quot;&quot;,&quot;right&quot;:&quot;&quot;,&quot;bottom&quot;:&quot;&quot;,&quot;left&quot;:&quot;&quot;,&quot;isLinked&quot;:true},&quot;element_pack_global_tooltip_border_radius&quot;:{&quot;unit&quot;:&quot;px&quot;,&quot;top&quot;:&quot;&quot;,&quot;right&quot;:&quot;&quot;,&quot;bottom&quot;:&quot;&quot;,&quot;left&quot;:&quot;&quot;,&quot;isLinked&quot;:true},&quot;element_pack_global_tooltip_border_radius_tablet&quot;:{&quot;unit&quot;:&quot;px&quot;,&quot;top&quot;:&quot;&quot;,&quot;right&quot;:&quot;&quot;,&quot;bottom&quot;:&quot;&quot;,&quot;left&quot;:&quot;&quot;,&quot;isLinked&quot;:true},&quot;element_pack_global_tooltip_border_radius_mobile&quot;:{&quot;unit&quot;:&quot;px&quot;,&quot;top&quot;:&quot;&quot;,&quot;right&quot;:&quot;&quot;,&quot;bottom&quot;:&quot;&quot;,&quot;left&quot;:&quot;&quot;,&quot;isLinked&quot;:true}}\" data-elementor-post-type=\"page\">\n\t\t\t\t\t\t<section class=\"elementor-section elementor-top-section elementor-element elementor-element-4419d8e elementor-section-height-min-height animated-slow elementor-section-boxed elementor-section-height-default elementor-section-items-middle elementor-invisible\" data-id=\"4419d8e\" data-element_type=\"section\" data-settings=\"{&quot;background_background&quot;:&quot;classic&quot;,&quot;animation&quot;:&quot;fadeIn&quot;}\">\n\t\t\t\t\t\t\t<div class=\"elementor-background-overlay\"><\/div>\n\t\t\t\t\t\t\t<div class=\"elementor-container elementor-column-gap-default\">\n\t\t\t\t\t<div class=\"elementor-column elementor-col-100 elementor-top-column elementor-element elementor-element-e76b915\" data-id=\"e76b915\" data-element_type=\"column\">\n\t\t\t<div class=\"elementor-widget-wrap elementor-element-populated\">\n\t\t\t\t\t\t<div class=\"elementor-element elementor-element-d396dce elementor-widget elementor-widget-heading\" data-id=\"d396dce\" data-element_type=\"widget\" data-widget_type=\"heading.default\">\n\t\t\t\t<div class=\"elementor-widget-container\">\n\t\t\t<h1 class=\"elementor-heading-title elementor-size-default\">Warum Makler Axe w\u00e4hlen<\/h1>\t\t<\/div>\n\t\t\t\t<\/div>\n\t\t\t\t\t<\/div>\n\t\t<\/div>\n\t\t\t\t\t<\/div>\n\t\t<\/section>\n\t\t\t\t<section class=\"elementor-section elementor-top-section elementor-element elementor-element-1c22353 animated-slow elementor-section-boxed elementor-section-height-default elementor-section-height-default elementor-invisible\" data-id=\"1c22353\" data-element_type=\"section\" data-settings=\"{&quot;animation&quot;:&quot;fadeIn&quot;}\">\n\t\t\t\t\t\t<div class=\"elementor-container elementor-column-gap-default\">\n\t\t\t\t\t<div class=\"elementor-column elementor-col-100 elementor-top-column elementor-element elementor-element-c8caddd\" data-id=\"c8caddd\" data-element_type=\"column\" data-settings=\"{&quot;background_background&quot;:&quot;classic&quot;}\">\n\t\t\t<div class=\"elementor-widget-wrap elementor-element-populated\">\n\t\t\t\t\t\t<section class=\"elementor-section elementor-inner-section elementor-element elementor-element-381dec8 elementor-section-boxed elementor-section-height-default elementor-section-height-default\" data-id=\"381dec8\" data-element_type=\"section\">\n\t\t\t\t\t\t<div class=\"elementor-container elementor-column-gap-default\">\n\t\t\t\t\t<div class=\"elementor-column elementor-col-50 elementor-inner-column elementor-element elementor-element-20accb8\" data-id=\"20accb8\" data-element_type=\"column\">\n\t\t\t<div class=\"elementor-widget-wrap elementor-element-populated\">\n\t\t\t\t\t\t<div class=\"elementor-element elementor-element-fe1eb42 animated-slow elementor-invisible elementor-widget elementor-widget-heading\" data-id=\"fe1eb42\" data-element_type=\"widget\" data-settings=\"{&quot;_animation&quot;:&quot;fadeIn&quot;}\" data-widget_type=\"heading.default\">\n\t\t\t\t<div class=\"elementor-widget-container\">\n\t\t\t<div class=\"elementor-heading-title elementor-size-default\">01.<\/div>\t\t<\/div>\n\t\t\t\t<\/div>\n\t\t\t\t<div class=\"elementor-element elementor-element-29b06dd animated-slow elementor-invisible elementor-widget elementor-widget-houzez_elementor_section_title\" data-id=\"29b06dd\" data-element_type=\"widget\" data-settings=\"{&quot;_animation&quot;:&quot;fadeIn&quot;}\" data-widget_type=\"houzez_elementor_section_title.default\">\n\t\t\t\t<div class=\"elementor-widget-container\">\n\t\t\t            <div class=\"houzez_section_title_wrap section-title-module\">\n                                    <h2 class=\"houzez_section_title\">Starker Ruf<\/h2>\n                \n                                    <p class=\"houzez_section_subtitle\">Unsere Firma hat sich einen guten Ruf in der Immobilienbranche in der T\u00fcrkei aufgebaut. Das bedeutet, dass Agenten, die bei Axeunion arbeiten, von dem Ruf unseres Unternehmens und unserer etablierten Marke profitieren werden, was dazu beitragen kann, Kunden anzuziehen und Vertrauen aufzubauen.<\/p>\n                            <\/div>\n            \t\t<\/div>\n\t\t\t\t<\/div>\n\t\t\t\t<div class=\"elementor-element elementor-element-e6a022e animated-slow elementor-invisible elementor-widget elementor-widget-heading\" data-id=\"e6a022e\" data-element_type=\"widget\" data-settings=\"{&quot;_animation&quot;:&quot;fadeIn&quot;}\" data-widget_type=\"heading.default\">\n\t\t\t\t<div class=\"elementor-widget-container\">\n\t\t\t<div class=\"elementor-heading-title elementor-size-default\">02.<\/div>\t\t<\/div>\n\t\t\t\t<\/div>\n\t\t\t\t<div class=\"elementor-element elementor-element-aacf898 animated-slow elementor-invisible elementor-widget elementor-widget-houzez_elementor_section_title\" data-id=\"aacf898\" data-element_type=\"widget\" data-settings=\"{&quot;_animation&quot;:&quot;fadeIn&quot;}\" data-widget_type=\"houzez_elementor_section_title.default\">\n\t\t\t\t<div class=\"elementor-widget-container\">\n\t\t\t            <div class=\"houzez_section_title_wrap section-title-module\">\n                                    <h2 class=\"houzez_section_title\">Zugriff auf Ressourcen<\/h2>\n                \n                                    <p class=\"houzez_section_subtitle\">Axeunion hat Zugang zu einer Vielzahl von Ressourcen, von denen die bei Ihnen arbeitenden Agenten profitieren k\u00f6nnen. Dies kann Marketing-Tools, Technologie-Ressourcen, Schulungs- und Entwicklungsprogramme sowie andere Ressourcen umfassen, die den Agenten dabei helfen k\u00f6nnen, in ihren Aufgaben erfolgreich zu sein.<\/p>\n                            <\/div>\n            \t\t<\/div>\n\t\t\t\t<\/div>\n\t\t\t\t<div class=\"elementor-element elementor-element-3000883 animated-slow elementor-invisible elementor-widget elementor-widget-heading\" data-id=\"3000883\" data-element_type=\"widget\" data-settings=\"{&quot;_animation&quot;:&quot;fadeIn&quot;}\" data-widget_type=\"heading.default\">\n\t\t\t\t<div class=\"elementor-widget-container\">\n\t\t\t<div class=\"elementor-heading-title elementor-size-default\">03.<\/div>\t\t<\/div>\n\t\t\t\t<\/div>\n\t\t\t\t<div class=\"elementor-element elementor-element-9a698e9 animated-slow elementor-invisible elementor-widget elementor-widget-houzez_elementor_section_title\" data-id=\"9a698e9\" data-element_type=\"widget\" data-settings=\"{&quot;_animation&quot;:&quot;fadeIn&quot;}\" data-widget_type=\"houzez_elementor_section_title.default\">\n\t\t\t\t<div class=\"elementor-widget-container\">\n\t\t\t            <div class=\"houzez_section_title_wrap section-title-module\">\n                                    <h2 class=\"houzez_section_title\">Starke Verbindungen<\/h2>\n                \n                                    <p class=\"houzez_section_subtitle\">Die Immobilienbranche basiert auf Beziehungen, und starke Verbindungen k\u00f6nnen f\u00fcr Agenten ein gro\u00dfer Vorteil sein. Agenten k\u00f6nnen von unseren starken Verbindungen zu Bauunternehmern und Bautr\u00e4gern profitieren, was ihnen den Zugang zu den besten Angeboten und Deals f\u00fcr ihre Kunden erm\u00f6glicht, die sonst nirgendwo zu finden sind.<\/p>\n                            <\/div>\n            \t\t<\/div>\n\t\t\t\t<\/div>\n\t\t\t\t<div class=\"elementor-element elementor-element-41a02e9 animated-slow elementor-invisible elementor-widget elementor-widget-heading\" data-id=\"41a02e9\" data-element_type=\"widget\" data-settings=\"{&quot;_animation&quot;:&quot;fadeIn&quot;}\" data-widget_type=\"heading.default\">\n\t\t\t\t<div class=\"elementor-widget-container\">\n\t\t\t<div class=\"elementor-heading-title elementor-size-default\">04.<\/div>\t\t<\/div>\n\t\t\t\t<\/div>\n\t\t\t\t<div class=\"elementor-element elementor-element-6862b01 animated-slow elementor-invisible elementor-widget elementor-widget-houzez_elementor_section_title\" data-id=\"6862b01\" data-element_type=\"widget\" data-settings=\"{&quot;_animation&quot;:&quot;fadeIn&quot;}\" data-widget_type=\"houzez_elementor_section_title.default\">\n\t\t\t\t<div class=\"elementor-widget-container\">\n\t\t\t            <div class=\"houzez_section_title_wrap section-title-module\">\n                                    <h2 class=\"houzez_section_title\">Starkes Unterst\u00fctzungssystem<\/h2>\n                \n                                    <p class=\"houzez_section_subtitle\">Axeunion hat ein starkes Unterst\u00fctzungssystem eingerichtet, um Agenten beim Erfolg zu helfen. Dazu k\u00f6nnen administrative Unterst\u00fctzung, Mentorship-Programme, Coaching und Feedback sowie andere Ressourcen geh\u00f6ren, um Agenten bei der Erreichung ihrer Ziele zu unterst\u00fctzen.<\/p>\n                            <\/div>\n            \t\t<\/div>\n\t\t\t\t<\/div>\n\t\t\t\t<div class=\"elementor-element elementor-element-5acae4d animated-slow elementor-invisible elementor-widget elementor-widget-heading\" data-id=\"5acae4d\" data-element_type=\"widget\" data-settings=\"{&quot;_animation&quot;:&quot;fadeIn&quot;}\" data-widget_type=\"heading.default\">\n\t\t\t\t<div class=\"elementor-widget-container\">\n\t\t\t<div class=\"elementor-heading-title elementor-size-default\">05.<\/div>\t\t<\/div>\n\t\t\t\t<\/div>\n\t\t\t\t<div class=\"elementor-element elementor-element-a104fc3 animated-slow elementor-invisible elementor-widget elementor-widget-houzez_elementor_section_title\" data-id=\"a104fc3\" data-element_type=\"widget\" data-settings=\"{&quot;_animation&quot;:&quot;fadeIn&quot;}\" data-widget_type=\"houzez_elementor_section_title.default\">\n\t\t\t\t<div class=\"elementor-widget-container\">\n\t\t\t            <div class=\"houzez_section_title_wrap section-title-module\">\n                                    <h2 class=\"houzez_section_title\">Von den Besten lernen<\/h2>\n                \n                                    <p class=\"houzez_section_subtitle\">Die Immobilienbranche ist eine sich st\u00e4ndig weiterentwickelnde Industrie, und Agenten m\u00fcssen auf dem neuesten Stand der Trends und bew\u00e4hrten Praktiken bleiben. Indem sie als Mitglied von Axeunion arbeiten, k\u00f6nnen Agenten von den besten Investoren, Immobilienmanagern und Vertriebsmitarbeitern der Welt lernen. Dies kann den Agenten helfen, ihre F\u00e4higkeiten und Kenntnisse zu verbessern und ihren Kunden einen besseren Service zu bieten.<\/p>\n                            <\/div>\n            \t\t<\/div>\n\t\t\t\t<\/div>\n\t\t\t\t<div class=\"elementor-element elementor-element-c034995 animated-slow elementor-invisible elementor-widget elementor-widget-heading\" data-id=\"c034995\" data-element_type=\"widget\" data-settings=\"{&quot;_animation&quot;:&quot;fadeIn&quot;}\" data-widget_type=\"heading.default\">\n\t\t\t\t<div class=\"elementor-widget-container\">\n\t\t\t<div class=\"elementor-heading-title elementor-size-default\">06.<\/div>\t\t<\/div>\n\t\t\t\t<\/div>\n\t\t\t\t<div class=\"elementor-element elementor-element-f63c2db animated-slow elementor-invisible elementor-widget elementor-widget-houzez_elementor_section_title\" data-id=\"f63c2db\" data-element_type=\"widget\" data-settings=\"{&quot;_animation&quot;:&quot;fadeIn&quot;}\" data-widget_type=\"houzez_elementor_section_title.default\">\n\t\t\t\t<div class=\"elementor-widget-container\">\n\t\t\t            <div class=\"houzez_section_title_wrap section-title-module\">\n                                    <h2 class=\"houzez_section_title\">Berufliche Entwicklung<\/h2>\n                \n                                    <p class=\"houzez_section_subtitle\">Unsere Firma legt gro\u00dfen Wert auf die berufliche Weiterentwicklung der Agenten und bietet ihnen Gelegenheiten, an Schulungssitzungen, Workshops und anderen Veranstaltungen teilzunehmen, um ihre F\u00e4higkeiten und Kenntnisse zu erweitern. Dies kann den Agenten helfen, auf dem neuesten Stand der Branchentrends und bew\u00e4hrten Praktiken zu bleiben, was sie in ihren Aufgaben effektiver macht.<\/p>\n                            <\/div>\n            \t\t<\/div>\n\t\t\t\t<\/div>\n\t\t\t\t\t<\/div>\n\t\t<\/div>\n\t\t\t\t<div class=\"elementor-column elementor-col-50 elementor-inner-column elementor-element elementor-element-3c4e721\" data-id=\"3c4e721\" data-element_type=\"column\">\n\t\t\t<div class=\"elementor-widget-wrap elementor-element-populated\">\n\t\t\t\t\t\t<div class=\"elementor-element elementor-element-953b2c3 animated-slow elementor-invisible elementor-widget elementor-widget-heading\" data-id=\"953b2c3\" data-element_type=\"widget\" data-settings=\"{&quot;_animation&quot;:&quot;fadeIn&quot;}\" data-widget_type=\"heading.default\">\n\t\t\t\t<div class=\"elementor-widget-container\">\n\t\t\t<div class=\"elementor-heading-title elementor-size-default\">07.<\/div>\t\t<\/div>\n\t\t\t\t<\/div>\n\t\t\t\t<div class=\"elementor-element elementor-element-c20175c animated-slow elementor-invisible elementor-widget elementor-widget-houzez_elementor_section_title\" data-id=\"c20175c\" data-element_type=\"widget\" data-settings=\"{&quot;_animation&quot;:&quot;fadeIn&quot;}\" data-widget_type=\"houzez_elementor_section_title.default\">\n\t\t\t\t<div class=\"elementor-widget-container\">\n\t\t\t            <div class=\"houzez_section_title_wrap section-title-module\">\n                                    <h2 class=\"houzez_section_title\">W\u00f6chentliche Treffen und Auswertungen<\/h2>\n                \n                                    <p class=\"houzez_section_subtitle\">Um in der Immobilienbranche erfolgreich zu sein, m\u00fcssen Agenten kontinuierlich ihre Leistung verbessern. Agenten profitieren von w\u00f6chentlichen Besprechungen und Bewertungen, bei denen sie Feedback zu ihrer Leistung erhalten und M\u00f6glichkeiten zur Verbesserung geboten werden. Dies kann den Agenten helfen, motiviert und konzentriert zu bleiben und bessere Ergebnisse f\u00fcr ihre Kunden zu erzielen.<\/p>\n                            <\/div>\n            \t\t<\/div>\n\t\t\t\t<\/div>\n\t\t\t\t<div class=\"elementor-element elementor-element-4ca2d60 animated-slow elementor-invisible elementor-widget elementor-widget-heading\" data-id=\"4ca2d60\" data-element_type=\"widget\" data-settings=\"{&quot;_animation&quot;:&quot;fadeIn&quot;}\" data-widget_type=\"heading.default\">\n\t\t\t\t<div class=\"elementor-widget-container\">\n\t\t\t<div class=\"elementor-heading-title elementor-size-default\">08.<\/div>\t\t<\/div>\n\t\t\t\t<\/div>\n\t\t\t\t<div class=\"elementor-element elementor-element-9767240 animated-slow elementor-invisible elementor-widget elementor-widget-houzez_elementor_section_title\" data-id=\"9767240\" data-element_type=\"widget\" data-settings=\"{&quot;_animation&quot;:&quot;fadeIn&quot;}\" data-widget_type=\"houzez_elementor_section_title.default\">\n\t\t\t\t<div class=\"elementor-widget-container\">\n\t\t\t            <div class=\"houzez_section_title_wrap section-title-module\">\n                                    <h2 class=\"houzez_section_title\">Vielf\u00e4ltiges Portfolio<\/h2>\n                \n                                    <p class=\"houzez_section_subtitle\">\u00dcber ein gro\u00dfes und vielf\u00e4ltiges Portfolio an Immobilien zu verf\u00fcgen, kann f\u00fcr Immobilienmakler einen erheblichen Vorteil darstellen. Bei Axeunion haben Agenten Zugang zu einer breiten Palette von Immobilien, die sie ihren Kunden anbieten k\u00f6nnen. Dies kann den Agenten helfen, Kunden besser mit Immobilien zu verkn\u00fcpfen, die ihren Bed\u00fcrfnissen und Vorlieben entsprechen, und die Chancen auf den Abschluss des Gesch\u00e4fts erh\u00f6hen.<\/p>\n                            <\/div>\n            \t\t<\/div>\n\t\t\t\t<\/div>\n\t\t\t\t<div class=\"elementor-element elementor-element-2c469da animated-slow elementor-invisible elementor-widget elementor-widget-heading\" data-id=\"2c469da\" data-element_type=\"widget\" data-settings=\"{&quot;_animation&quot;:&quot;fadeIn&quot;}\" data-widget_type=\"heading.default\">\n\t\t\t\t<div class=\"elementor-widget-container\">\n\t\t\t<div class=\"elementor-heading-title elementor-size-default\">09.<\/div>\t\t<\/div>\n\t\t\t\t<\/div>\n\t\t\t\t<div class=\"elementor-element elementor-element-7c33afb animated-slow elementor-invisible elementor-widget elementor-widget-houzez_elementor_section_title\" data-id=\"7c33afb\" data-element_type=\"widget\" data-settings=\"{&quot;_animation&quot;:&quot;fadeIn&quot;}\" data-widget_type=\"houzez_elementor_section_title.default\">\n\t\t\t\t<div class=\"elementor-widget-container\">\n\t\t\t            <div class=\"houzez_section_title_wrap section-title-module\">\n                                    <h2 class=\"houzez_section_title\">Zusammenarbeit<\/h2>\n                \n                                    <p class=\"houzez_section_subtitle\">Insgesamt kann die Arbeit im Team Immobilienmaklern zahlreiche Vorteile bieten, darunter eine verst\u00e4rkte Unterst\u00fctzung, Rechenschaftspflicht, Lernm\u00f6glichkeiten und das Potenzial f\u00fcr gr\u00f6\u00dferen Erfolg. Durch die F\u00f6rderung einer kooperativen Teamumgebung k\u00f6nnen Immobilienagenturen erstklassige Talente anziehen und binden sowie au\u00dfergew\u00f6hnlichen Service f\u00fcr ihre Kunden bieten. Die Arbeit im Team kann Synergie schaffen, bei der das Ganze mehr ist als die Summe seiner Teile. Das bedeutet, dass das Team mehr erreichen kann als einzelne Agenten, die alleine arbeiten. \nDie Arbeit in einem Team von Axeunion kann eine kooperative Umgebung schaffen, in der Agenten ihr Wissen, Ideen und bew\u00e4hrte Verfahren teilen k\u00f6nnen. Dies kann zu effektiverem Probleml\u00f6sen und Entscheidungsfindung f\u00fchren, sowie zu besseren Ergebnissen f\u00fcr die Kunden.<\/p>\n                            <\/div>\n            \t\t<\/div>\n\t\t\t\t<\/div>\n\t\t\t\t<div class=\"elementor-element elementor-element-a70319d animated-slow elementor-invisible elementor-widget elementor-widget-heading\" data-id=\"a70319d\" data-element_type=\"widget\" data-settings=\"{&quot;_animation&quot;:&quot;fadeIn&quot;}\" data-widget_type=\"heading.default\">\n\t\t\t\t<div class=\"elementor-widget-container\">\n\t\t\t<div class=\"elementor-heading-title elementor-size-default\">10.<\/div>\t\t<\/div>\n\t\t\t\t<\/div>\n\t\t\t\t<div class=\"elementor-element elementor-element-199cae9 animated-slow elementor-invisible elementor-widget elementor-widget-houzez_elementor_section_title\" data-id=\"199cae9\" data-element_type=\"widget\" data-settings=\"{&quot;_animation&quot;:&quot;fadeIn&quot;}\" data-widget_type=\"houzez_elementor_section_title.default\">\n\t\t\t\t<div class=\"elementor-widget-container\">\n\t\t\t            <div class=\"houzez_section_title_wrap section-title-module\">\n                                    <h2 class=\"houzez_section_title\">Marketing-Tools und -Quellen<\/h2>\n                \n                                    <p class=\"houzez_section_subtitle\">Zugang zu effektiven Marketing-Tools und -Quellen kann f\u00fcr Immobilienmakler von erheblichem Vorteil sein. Bei Axeunion k\u00f6nnen Agenten von unseren Marketing-Tools und -Quellen profitieren, die ihnen helfen k\u00f6nnen, eine breitere Zielgruppe zu erreichen, mehr Kunden anzuziehen und mehr Gesch\u00e4fte abzuschlie\u00dfen. Zugang zu diesen Marketing-Tools und -Quellen kann den Agenten helfen, Zeit, M\u00fche und Geld zu sparen, eine gr\u00f6\u00dfere Zielgruppe zu erreichen und ihren Kunden eine bessere Erfahrung zu bieten. Auf jeden Fall k\u00f6nnen Agenten anderen weit voraus sein.\nDie Website und die sozialen Medien von Axeunion sind ein leistungsstarkes Marketing-Tool f\u00fcr Agenten, da sie eine Plattform bieten, um Immobilien zu pr\u00e4sentieren, Informationen \u00fcber unsere Dienstleistungen zu teilen und potenzielle Kunden anzulocken. <\/p>\n                            <\/div>\n            \t\t<\/div>\n\t\t\t\t<\/div>\n\t\t\t\t<div class=\"elementor-element elementor-element-61676ca animated-slow elementor-invisible elementor-widget elementor-widget-heading\" data-id=\"61676ca\" data-element_type=\"widget\" data-settings=\"{&quot;_animation&quot;:&quot;fadeIn&quot;}\" data-widget_type=\"heading.default\">\n\t\t\t\t<div class=\"elementor-widget-container\">\n\t\t\t<div class=\"elementor-heading-title elementor-size-default\">11.<\/div>\t\t<\/div>\n\t\t\t\t<\/div>\n\t\t\t\t<div class=\"elementor-element elementor-element-0da2c5b animated-slow elementor-invisible elementor-widget elementor-widget-houzez_elementor_section_title\" data-id=\"0da2c5b\" data-element_type=\"widget\" data-settings=\"{&quot;_animation&quot;:&quot;fadeIn&quot;}\" data-widget_type=\"houzez_elementor_section_title.default\">\n\t\t\t\t<div class=\"elementor-widget-container\">\n\t\t\t            <div class=\"houzez_section_title_wrap section-title-module\">\n                                    <h2 class=\"houzez_section_title\">Unsere gesetzliche Unterst\u00fctzung<\/h2>\n                \n                                    <p class=\"houzez_section_subtitle\">Immobilienmakler m\u00fcssen sicherstellen, dass sie alle Gesetze und Vorschriften im Zusammenhang mit ihrer Arbeit einhalten. Durch die Arbeit f\u00fcr Axeunion k\u00f6nnen Agenten von der Unterst\u00fctzung unserer Anw\u00e4lte und Berater profitieren, wie zum Beispiel Zugang zu rechtlicher Beratung und Anleitung zur Einhaltung lokaler Gesetze und Vorschriften. Dies kann Agenten helfen, rechtliche Probleme zu vermeiden und ihre Glaubw\u00fcrdigkeit und Reputation aufrechtzuerhalten.<\/p>\n                            <\/div>\n            \t\t<\/div>\n\t\t\t\t<\/div>\n\t\t\t\t\t<\/div>\n\t\t<\/div>\n\t\t\t\t\t<\/div>\n\t\t<\/section>\n\t\t\t\t\t<\/div>\n\t\t<\/div>\n\t\t\t\t\t<\/div>\n\t\t<\/section>\n\t\t\t\t<\/div>\n\t\t","protected":false},"excerpt":{"rendered":"<p>01. Starker Ruf Unsere Firma hat sich einen guten Ruf in der Immobilienbranche in der T\u00fcrkei aufgebaut. Das bedeutet, dass Agenten, die bei Axeunion arbeiten, von dem Ruf unseres Unternehmens und unserer etablierten Marke profitieren werden, was dazu beitragen kann, Kunden anzuziehen und Vertrauen aufzubauen. 02. Zugriff auf Ressourcen Axeunion hat Zugang zu einer Vielzahl [&hellip;]<\/p>\n","protected":false},"author":110,"featured_media":0,"parent":0,"menu_order":0,"comment_status":"closed","ping_status":"closed","template":"template\/template-homepage.php","meta":{"footnotes":""},"class_list":["post-23597","page","type-page","status-publish","hentry"],"_links":{"self":[{"href":"https:\/\/www.axeunion.com\/fa\/wp-json\/wp\/v2\/pages\/23597","targetHints":{"allow":["GET"]}}],"collection":[{"href":"https:\/\/www.axeunion.com\/fa\/wp-json\/wp\/v2\/pages"}],"about":[{"href":"https:\/\/www.axeunion.com\/fa\/wp-json\/wp\/v2\/types\/page"}],"author":[{"embeddable":true,"href":"https:\/\/www.axeunion.com\/fa\/wp-json\/wp\/v2\/users\/110"}],"replies":[{"embeddable":true,"href":"https:\/\/www.axeunion.com\/fa\/wp-json\/wp\/v2\/comments?post=23597"}],"version-history":[{"count":1,"href":"https:\/\/www.axeunion.com\/fa\/wp-json\/wp\/v2\/pages\/23597\/revisions"}],"predecessor-version":[{"id":23598,"href":"https:\/\/www.axeunion.com\/fa\/wp-json\/wp\/v2\/pages\/23597\/revisions\/23598"}],"wp:attachment":[{"href":"https:\/\/www.axeunion.com\/fa\/wp-json\/wp\/v2\/media?parent=23597"}],"curies":[{"name":"wp","href":"https:\/\/api.w.org\/{rel}","templated":true}]}}