{"id":23380,"date":"2023-07-15T20:05:51","date_gmt":"2023-07-15T20:05:51","guid":{"rendered":"https:\/\/www.axeunion.com\/altintash\/"},"modified":"2023-10-22T21:26:15","modified_gmt":"2023-10-22T21:26:15","slug":"altintash","status":"publish","type":"page","link":"https:\/\/www.axeunion.com\/de\/altintash\/","title":{"rendered":"Altintash"},"content":{"rendered":"\t\t<div data-elementor-type=\"wp-page\" data-elementor-id=\"23380\" class=\"elementor elementor-23380 elementor-20926\" data-elementor-settings=\"{&quot;element_pack_global_tooltip_width&quot;:{&quot;unit&quot;:&quot;px&quot;,&quot;size&quot;:&quot;&quot;,&quot;sizes&quot;:[]},&quot;element_pack_global_tooltip_width_tablet&quot;:{&quot;unit&quot;:&quot;px&quot;,&quot;size&quot;:&quot;&quot;,&quot;sizes&quot;:[]},&quot;element_pack_global_tooltip_width_mobile&quot;:{&quot;unit&quot;:&quot;px&quot;,&quot;size&quot;:&quot;&quot;,&quot;sizes&quot;:[]},&quot;element_pack_global_tooltip_padding&quot;:{&quot;unit&quot;:&quot;px&quot;,&quot;top&quot;:&quot;&quot;,&quot;right&quot;:&quot;&quot;,&quot;bottom&quot;:&quot;&quot;,&quot;left&quot;:&quot;&quot;,&quot;isLinked&quot;:true},&quot;element_pack_global_tooltip_padding_tablet&quot;:{&quot;unit&quot;:&quot;px&quot;,&quot;top&quot;:&quot;&quot;,&quot;right&quot;:&quot;&quot;,&quot;bottom&quot;:&quot;&quot;,&quot;left&quot;:&quot;&quot;,&quot;isLinked&quot;:true},&quot;element_pack_global_tooltip_padding_mobile&quot;:{&quot;unit&quot;:&quot;px&quot;,&quot;top&quot;:&quot;&quot;,&quot;right&quot;:&quot;&quot;,&quot;bottom&quot;:&quot;&quot;,&quot;left&quot;:&quot;&quot;,&quot;isLinked&quot;:true},&quot;element_pack_global_tooltip_border_radius&quot;:{&quot;unit&quot;:&quot;px&quot;,&quot;top&quot;:&quot;&quot;,&quot;right&quot;:&quot;&quot;,&quot;bottom&quot;:&quot;&quot;,&quot;left&quot;:&quot;&quot;,&quot;isLinked&quot;:true},&quot;element_pack_global_tooltip_border_radius_tablet&quot;:{&quot;unit&quot;:&quot;px&quot;,&quot;top&quot;:&quot;&quot;,&quot;right&quot;:&quot;&quot;,&quot;bottom&quot;:&quot;&quot;,&quot;left&quot;:&quot;&quot;,&quot;isLinked&quot;:true},&quot;element_pack_global_tooltip_border_radius_mobile&quot;:{&quot;unit&quot;:&quot;px&quot;,&quot;top&quot;:&quot;&quot;,&quot;right&quot;:&quot;&quot;,&quot;bottom&quot;:&quot;&quot;,&quot;left&quot;:&quot;&quot;,&quot;isLinked&quot;:true}}\" data-elementor-post-type=\"page\">\n\t\t\t\t\t\t<section class=\"elementor-section elementor-top-section elementor-element elementor-element-77933e0 elementor-section-height-min-height animated-slow elementor-section-boxed elementor-section-height-default elementor-section-items-middle elementor-invisible\" data-id=\"77933e0\" data-element_type=\"section\" data-settings=\"{&quot;background_background&quot;:&quot;classic&quot;,&quot;animation&quot;:&quot;fadeIn&quot;}\">\n\t\t\t\t\t\t\t<div class=\"elementor-background-overlay\"><\/div>\n\t\t\t\t\t\t\t<div class=\"elementor-container elementor-column-gap-default\">\n\t\t\t\t\t<div class=\"elementor-column elementor-col-100 elementor-top-column elementor-element elementor-element-3bae3ba\" data-id=\"3bae3ba\" data-element_type=\"column\">\n\t\t\t<div class=\"elementor-widget-wrap elementor-element-populated\">\n\t\t\t\t\t\t<div class=\"elementor-element elementor-element-faf78d6 elementor-widget elementor-widget-heading\" data-id=\"faf78d6\" data-element_type=\"widget\" data-widget_type=\"heading.default\">\n\t\t\t\t<div class=\"elementor-widget-container\">\n\t\t\t<h1 class=\"elementor-heading-title elementor-size-default\">Altintash<\/h1>\t\t<\/div>\n\t\t\t\t<\/div>\n\t\t\t\t\t<\/div>\n\t\t<\/div>\n\t\t\t\t\t<\/div>\n\t\t<\/section>\n\t\t\t\t<section class=\"elementor-section elementor-top-section elementor-element elementor-element-9699b98 elementor-section-boxed elementor-section-height-default elementor-section-height-default\" data-id=\"9699b98\" data-element_type=\"section\">\n\t\t\t\t\t\t<div class=\"elementor-container elementor-column-gap-default\">\n\t\t\t\t\t<div class=\"elementor-column elementor-col-100 elementor-top-column elementor-element elementor-element-dc21c3d\" data-id=\"dc21c3d\" data-element_type=\"column\">\n\t\t\t<div class=\"elementor-widget-wrap elementor-element-populated\">\n\t\t\t\t\t\t<div class=\"elementor-element elementor-element-4f5d7eb elementor-widget elementor-widget-text-editor\" data-id=\"4f5d7eb\" data-element_type=\"widget\" data-widget_type=\"text-editor.default\">\n\t\t\t\t<div class=\"elementor-widget-container\">\n\t\t\t\t\t\t\t<p>Altitash ist eine gro\u00dfe Gegend im \u00f6stlichen Teil der Stadt Antalya, in der N\u00e4he des Flughafens der Stadt. Es hat eine bedeutende und strategische Position, mit gro\u00dfem Wachstumspotenzial.<\/p>\n<p>Geografisch gesehen hat die Stadt Antalya bereits eine betr\u00e4chtliche Entwicklung in westlicher Richtung erfahren und bietet aufgrund der Anwesenheit von Bergen und begrenztem verf\u00fcgbarem Land nicht viel Platz f\u00fcr weitere Expansion. Die einzigen Gebiete mit Entwicklungspotenzial sind die \u00f6stlichen und n\u00f6rdlichen Teile von Antalya. Wenn wir uns nach Norden bewegen, entfernen wir uns vom Mittelmeer und der \u00f6stliche Teil von Antalya ist am g\u00fcnstigsten f\u00fcr das Wachstum.<\/p>\n<p>Au\u00dferdem befinden sich alle luxuri\u00f6sen Hotels und Touristenresorts in Antalya etwas au\u00dferhalb der Stadt, n\u00e4her an der Altitash-Gegend. Das macht Altitash zu einem erstklassigen Ort, der die L\u00fccke zwischen der Stadt Antalya und einer der gr\u00f6\u00dften Touristenregionen in der T\u00fcrkei \u00fcberbr\u00fcckt.<\/p>\n<p>Aus politischer Sicht hat die Gemeinde Antalya umfangreiche Entwicklungspl\u00e4ne f\u00fcr Altitash entworfen. Eine der wichtigsten Initiativen ist der Bau und die Einrichtung eines riesigen Touristen- und Erholungskomplexes im Norden von Altitash. Sie haben auch das Ziel, die Qualit\u00e4t des Lara Beach (Lara Plaji) im s\u00fcdlichen Teil von Altitash zu verbessern. Ein \u00e4hnliches Programm wurde vor einigen Jahren erfolgreich am Konyaalti-Strand umgesetzt, was in den letzten Jahren zu einer deutlichen Steigerung seiner Beliebtheit gef\u00fchrt hat.<\/p>\n<p>Diese Faktoren, zusammen mit verschiedenen anderen Details, haben bedeutende Investitionen in Altintash angezogen. Als Ergebnis werden in diesem Bereich gro\u00df angelegte und hochwertige Hotelprojekte mit einzigartigen Konzepten entwickelt, die ihn von anderen Teilen von Antalya unterscheiden.<\/p>\n\t\t\t\t\t\t<\/div>\n\t\t\t\t<\/div>\n\t\t\t\t<div class=\"elementor-element elementor-element-b32da7a elementor-widget elementor-widget-houzez_elementor_property-card-v1\" data-id=\"b32da7a\" data-element_type=\"widget\" data-widget_type=\"houzez_elementor_property-card-v1.default\">\n\t\t\t\t<div class=\"elementor-widget-container\">\n\t\t\t\t\t\r\n\t\t<div id=\"properties_module_section\" class=\"property-cards-module property-cards-module-v1 property-cards-module-3-cols\">\r\n\t\t\t<div id=\"module_properties\" class=\"listing-view grid-view card-deck grid-view-3-cols\">\r\n\t\t\t\t<div class=\"item-listing-wrap hz-item-gallery-js card\" data-hz-id=\"hz-23665\" >\n\t<div class=\"item-wrap item-wrap-v1 item-wrap-no-frame h-100\">\n\t\t<div class=\"d-flex align-items-center h-100\">\n\t\t\t<div class=\"item-header\">\n\t\t\t\t\t\t\t\t<div class=\"labels-wrap labels-right\"> \n\n\t<a href=\"https:\/\/www.axeunion.com\/de\/status\/projekt\/\" class=\"label-status label status-color-808\">\n\t\t\t\t\tProjekt\n\t\t\t\t<\/a><a href=\"https:\/\/www.axeunion.com\/de\/etikett\/offenes-haus\/\" class=\"hz-label label label-color-874\">\n\t\t\t\t\tOffenes Haus\n\t\t\t\t<\/a>       \n\n<\/div>\n\t\t\t\t<ul class=\"item-price-wrap hide-on-list\">\n\t<li class=\"item-price\">$229,000.00<\/li><\/ul>\t\t\t\t<ul class=\"item-tools\">\n\n        <li class=\"item-tool item-preview\">\n        <span class=\"hz-show-lightbox-js\" data-listid=\"23665\" data-toggle=\"tooltip\" data-placement=\"top\" title=\"Preview\">\n                <i class=\"houzez-icon icon-expand-3\"><\/i>   \n        <\/span><!-- item-tool-favorite -->\n    <\/li><!-- item-tool -->\n        \n        <li class=\"item-tool item-favorite\">\n        <span class=\"add-favorite-js item-tool-favorite\" data-toggle=\"tooltip\" data-placement=\"top\" title=\"Favourite\" data-listid=\"23665\">\n            <i class=\"houzez-icon icon-love-it \"><\/i> \n        <\/span><!-- item-tool-favorite -->\n    <\/li><!-- item-tool -->\n    \n        <li class=\"item-tool item-compare\">\n        <span class=\"houzez_compare compare-23665 item-tool-compare show-compare-panel\" data-toggle=\"tooltip\" data-placement=\"top\" title=\"Add to Compare\" data-listing_id=\"23665\" data-listing_image=\"https:\/\/placehold.it\/592x444&amp;text=axeunion\">\n            <i class=\"houzez-icon icon-add-circle\"><\/i>\n        <\/span><!-- item-tool-compare -->\n    <\/li><!-- item-tool -->\n    <\/ul><!-- item-tools -->\n\t\t\t\t<div class=\"listing-image-wrap\">\n\t<div class=\"listing-thumb\">\n\t\t<a target=_self href=\"https:\/\/www.axeunion.com\/de\/?post_type=property&#038;p=23665\" class=\"listing-featured-thumb hover-effect\">\n\t\t\t<img decoding=\"async\" class=\"img-fluid\" src=\"https:\/\/placehold.it\/592x444&#038;text=axeunion\" alt=\"Hochmodernes Luxushotel-Konzeptprojekt unserer Altintash Collection No1\">\t\t<\/a><!-- hover-effect -->\n\t<\/div>\n<\/div>\n\t\t\t\t<div class=\"preview_loader\"><\/div>\n\t\t\t<\/div><!-- item-header -->\t\n\t\t\t<div class=\"item-body flex-grow-1\">\n\t\t\t\t<div class=\"labels-wrap labels-right\"> \n\n\t<a href=\"https:\/\/www.axeunion.com\/de\/status\/projekt\/\" class=\"label-status label status-color-808\">\n\t\t\t\t\tProjekt\n\t\t\t\t<\/a><a href=\"https:\/\/www.axeunion.com\/de\/etikett\/offenes-haus\/\" class=\"hz-label label label-color-874\">\n\t\t\t\t\tOffenes Haus\n\t\t\t\t<\/a>       \n\n<\/div>\n\t\t\t\t<h2 class=\"item-title\">\n\t<a target=_self href=\"https:\/\/www.axeunion.com\/de\/?post_type=property&#038;p=23665\">Hochmodernes Luxushotel-Konzeptprojekt unserer Altintash Collection No1<\/a>\n<\/h2><!-- item-title -->\t\t\t\t<ul class=\"item-price-wrap hide-on-list\">\n\t<li class=\"item-price\">$229,000.00<\/li><\/ul>\t\t\t\t<address class=\"item-address\">Alt\u0131nta\u015f, Aksu, Antalya<\/address>\t\t\t\t<ul class=\"item-amenities item-amenities-with-icons\">\n\t<li class=\"h-land-area\"><img decoding=\"async\" class=\"img-fluid mr-1\" src=\"https:\/\/www.axeunion.com\/wp-content\/uploads\/2023\/05\/meter.svg\" width=\"16\" height=\"16\" alt=\"\"><span>10720<\/span> m\u00b2<\/li><li class=\"h-type\"><span>Wohnung, Wohnen<\/span><\/li><\/ul>\t\t\t\t<a class=\"btn btn-primary btn-item \" target=_self href=\"https:\/\/www.axeunion.com\/de\/?post_type=property&#038;p=23665\">\n\tDetails<\/a><!-- btn-item -->\n\t\t\t\t<div class=\"item-author\">\n\t<i class=\"houzez-icon icon-single-neutral mr-1\"><\/i>\n\t<a href=\"https:\/\/www.axeunion.com\/de\/author\/faraz-torabi\/\">Faraz Torabi<\/a> <\/div><!-- item-author -->\n\t\t\t\t<div class=\"item-date\">\n\t<i class=\"houzez-icon icon-attachment mr-1\"><\/i>\n\t3\u00a0Jahren vor<\/div><!-- item-date -->\n\t\t\t<\/div><!-- item-body -->\n\n\t\t\t\t\t\t<div class=\"item-footer clearfix\">\n\t\t\t\t<div class=\"item-author\">\n\t<i class=\"houzez-icon icon-single-neutral mr-1\"><\/i>\n\t<a href=\"https:\/\/www.axeunion.com\/de\/author\/faraz-torabi\/\">Faraz Torabi<\/a> <\/div><!-- item-author -->\n\t\t\t\t<div class=\"item-date\">\n\t<i class=\"houzez-icon icon-attachment mr-1\"><\/i>\n\t3\u00a0Jahren vor<\/div><!-- item-date -->\n\t\t\t<\/div>\n\t\t\t\t\t<\/div><!-- d-flex -->\n\t<\/div><!-- item-wrap -->\n<\/div><!-- item-listing-wrap -->\r\n\t\t\t<\/div><!-- listing-view -->\r\n\r\n\t\t\t\t\t<\/div><!-- property-grid-module -->\r\n\r\n\t\t\t\t<\/div>\n\t\t\t\t<\/div>\n\t\t\t\t\t<\/div>\n\t\t<\/div>\n\t\t\t\t\t<\/div>\n\t\t<\/section>\n\t\t\t\t<\/div>\n\t\t","protected":false},"excerpt":{"rendered":"<p>Altitash ist eine gro\u00dfe Gegend im \u00f6stlichen Teil der Stadt Antalya, in der N\u00e4he des Flughafens der Stadt. Es hat eine bedeutende und strategische Position, mit gro\u00dfem Wachstumspotenzial. Geografisch gesehen hat die Stadt Antalya bereits eine betr\u00e4chtliche Entwicklung in westlicher Richtung erfahren und bietet aufgrund der Anwesenheit von Bergen und begrenztem verf\u00fcgbarem Land nicht viel [&hellip;]<\/p>\n","protected":false},"author":110,"featured_media":0,"parent":0,"menu_order":0,"comment_status":"closed","ping_status":"closed","template":"template\/template-homepage.php","meta":{"footnotes":""},"class_list":["post-23380","page","type-page","status-publish","hentry"],"_links":{"self":[{"href":"https:\/\/www.axeunion.com\/de\/wp-json\/wp\/v2\/pages\/23380","targetHints":{"allow":["GET"]}}],"collection":[{"href":"https:\/\/www.axeunion.com\/de\/wp-json\/wp\/v2\/pages"}],"about":[{"href":"https:\/\/www.axeunion.com\/de\/wp-json\/wp\/v2\/types\/page"}],"author":[{"embeddable":true,"href":"https:\/\/www.axeunion.com\/de\/wp-json\/wp\/v2\/users\/110"}],"replies":[{"embeddable":true,"href":"https:\/\/www.axeunion.com\/de\/wp-json\/wp\/v2\/comments?post=23380"}],"version-history":[{"count":1,"href":"https:\/\/www.axeunion.com\/de\/wp-json\/wp\/v2\/pages\/23380\/revisions"}],"predecessor-version":[{"id":23381,"href":"https:\/\/www.axeunion.com\/de\/wp-json\/wp\/v2\/pages\/23380\/revisions\/23381"}],"wp:attachment":[{"href":"https:\/\/www.axeunion.com\/de\/wp-json\/wp\/v2\/media?parent=23380"}],"curies":[{"name":"wp","href":"https:\/\/api.w.org\/{rel}","templated":true}]}}